{"id":130761,"date":"2023-11-15T10:53:52","date_gmt":"2023-11-15T10:53:52","guid":{"rendered":"https:\/\/malrov.com\/?page_id=130761"},"modified":"2024-06-12T06:09:33","modified_gmt":"2024-06-12T06:09:33","slug":"home-2","status":"publish","type":"page","link":"https:\/\/malrov.com\/","title":{"rendered":"Home"},"content":{"rendered":"<section class=\"wpb-content-wrapper\"><p>[vc_row row_height_percent=\u00bb100&#8243; override_padding=\u00bbyes\u00bb h_padding=\u00bb0&#8243; top_padding=\u00bb0&#8243; bottom_padding=\u00bb0&#8243; back_image=\u00bb17&#8243; overlay_alpha=\u00bb50&#8243; gutter_size=\u00bb3&#8243; column_width_percent=\u00bb100&#8243; shift_y=\u00bb0&#8243; z_index=\u00bb0&#8243; uncode_shortcode_id=\u00bb175360&#8243; el_class=\u00bbbr-hero-popup\u00bb][vc_column column_width_percent=\u00bb100&#8243; gutter_size=\u00bb3&#8243; override_padding=\u00bbyes\u00bb column_padding=\u00bb0&#8243; style=\u00bbdark\u00bb overlay_alpha=\u00bb50&#8243; shift_x=\u00bb0&#8243; shift_y=\u00bb0&#8243; shift_y_down=\u00bb0&#8243; z_index=\u00bb0&#8243; medium_width=\u00bb0&#8243; mobile_width=\u00bb0&#8243; width=\u00bb1\/1&#8243; uncode_shortcode_id=\u00bb179345&#8243;][vc_raw_html]JTNDZGl2JTIwY2xhc3MlM0QlMjJtYWwtcG9wdXAlMjIlMjBzdHlsZSUzRCUyMmRpc3BsYXklM0Fub25lJTNCJTIyJTIwZGF0YS1tb2JpbGUtdXJsJTNEJTIyaHR0cHMlM0ElMkYlMkZtYWxyb3YuY29tJTJGd3AtY29udGVudCUyRnVwbG9hZHMlMkYyMDIzJTJGMTElMkZtYWxyb3Zfd2ViX3Jlc3BvbnNpdmVfd2VzLnBuZyUyMiUyMGRhdGEtaW1hZ2UtaWQlM0QlMjcxMzA3ODglMjclM0UlMEFMbyUyMHNlbnRpbW9zJTIwcG9yJTIwV2VzJTIweSUyMGF1bnF1ZSUyMGVsJTIwbm9tYnJlJTIwaW52aXRlJTIweSUyMHRlJTIwZW5jYW50ZSUyQyUyMGVzdGUlMjBubyUyMGVzJTIwc3UlMjAlQzMlQkFsdGltbyUyMGxhbnphbWllbnRvJTJDJTIwcGVybyUyMG5pJTIwc2UlMjB0ZSUyMG9jdXJyYSUyMHBlcmRlcnRlJTIwbG8lMjBxdWUlMjB2aWVuZSUyMGElMjBjb250aW51YWNpJUMzJUIzbi4lMEElM0MlMkZkaXYlM0U=[\/vc_raw_html][\/vc_column][\/vc_row][vc_row row_height_percent=\u00bb100&#8243; override_padding=\u00bbyes\u00bb h_padding=\u00bb0&#8243; top_padding=\u00bb0&#8243; bottom_padding=\u00bb0&#8243; back_image=\u00bb16&#8243; overlay_alpha=\u00bb50&#8243; gutter_size=\u00bb3&#8243; column_width_percent=\u00bb100&#8243; shift_y=\u00bb0&#8243; z_index=\u00bb0&#8243; uncode_shortcode_id=\u00bb114041&#8243; el_class=\u00bbbr-hero-popup\u00bb][vc_column column_width_percent=\u00bb100&#8243; gutter_size=\u00bb3&#8243; override_padding=\u00bbyes\u00bb column_padding=\u00bb0&#8243; style=\u00bbdark\u00bb overlay_alpha=\u00bb50&#8243; shift_x=\u00bb0&#8243; shift_y=\u00bb0&#8243; shift_y_down=\u00bb0&#8243; z_index=\u00bb0&#8243; medium_width=\u00bb0&#8243; mobile_width=\u00bb0&#8243; width=\u00bb1\/1&#8243; uncode_shortcode_id=\u00bb385532&#8243;][vc_raw_html]JTNDZGl2JTIwY2xhc3MlM0QlMjJtYWwtcG9wdXAlMjIlMjBzdHlsZSUzRCUyMmRpc3BsYXklM0Fub25lJTNCJTIyJTIwZGF0YS1tb2JpbGUtdXJsJTNEJTIyaHR0cHMlM0ElMkYlMkZtYWxyb3YuY29tJTJGd3AtY29udGVudCUyRnVwbG9hZHMlMkYyMDIzJTJGMTElMkZtYWxyb3Zfd2ViX3Jlc3BvbnNpdmVfd2hpc2t5LnBuZyUyMiUyMGRhdGEtaW1hZ2UtaWQlM0QlMjcxMzA3ODklMjclM0UlMEFQdWVzJTIwbm8lMkMlMjBubyUyMHNvbW9zJTIwdW5hJTIwcHJlc3RpZ2lvc2ElMjBtYXJjYSUyMGRlJTIwd2hpc2t5JTIwYW1lcmljYW5vJTJDJTIwZW52ZWplY2lkbyUyMDE1JTIwYSVDMyVCMW9zJTIwZW4lMjBiYXJyaWNhJTIwZGUlMjByb2JsZSUyQyUyMHBlcm8lMjB0YW1iaSVDMyVBOW4lMjBsbGV2YW1vcyUyMDIwJTIwYSVDMyVCMW9zJTIwY29yZWFuZG8lMjAlQzIlQTFhJTIwdHUlMjBzYWx1ZCUyMSUwQSUzQyUyRmRpdiUzRQ==[\/vc_raw_html][\/vc_column][\/vc_row][vc_row row_height_percent=\u00bb100&#8243; override_padding=\u00bbyes\u00bb h_padding=\u00bb0&#8243; top_padding=\u00bb0&#8243; bottom_padding=\u00bb0&#8243; back_image=\u00bb15&#8243; overlay_alpha=\u00bb50&#8243; gutter_size=\u00bb3&#8243; column_width_percent=\u00bb100&#8243; shift_y=\u00bb0&#8243; z_index=\u00bb0&#8243; uncode_shortcode_id=\u00bb175717&#8243; el_class=\u00bbbr-hero-popup\u00bb][vc_column column_width_percent=\u00bb100&#8243; gutter_size=\u00bb3&#8243; override_padding=\u00bbyes\u00bb column_padding=\u00bb0&#8243; style=\u00bbdark\u00bb overlay_alpha=\u00bb50&#8243; shift_x=\u00bb0&#8243; shift_y=\u00bb0&#8243; shift_y_down=\u00bb0&#8243; z_index=\u00bb0&#8243; medium_width=\u00bb0&#8243; mobile_width=\u00bb0&#8243; width=\u00bb1\/1&#8243; uncode_shortcode_id=\u00bb906087&#8243;][vc_raw_html]JTNDZGl2JTIwY2xhc3MlM0QlMjJtYWwtcG9wdXAlMjIlMjBzdHlsZSUzRCUyMmRpc3BsYXklM0Fub25lJTNCJTIyJTIwZGF0YS1tb2JpbGUtdXJsJTNEJTIyaHR0cHMlM0ElMkYlMkZtYWxyb3YuY29tJTJGd3AtY29udGVudCUyRnVwbG9hZHMlMkYyMDIzJTJGMTElMkZtYWxyb3Zfd2ViX3Jlc3BvbnNpdmVfaW52ZXN0aWdhdG9yLnBuZyUyMiUyMGRhdGEtaW1hZ2UtaWQlM0QlMjcxMzA3OTAlMjclM0UlMEFEZXRyJUMzJUExcyUyMGRlJTIwZXN0ZSUyMG5vbWJyZSUyMG5vJTIwc2UlMjAlMEFvY3VsdGElMjBuaW5nJUMzJUJBbiUyMGRldGVjdGl2ZSUyMCUwQXByaXZhZG8lMjB0YWNpdHVybm8lMjBkZSUyMHZveiUyMGNhemFsbGVyYSUyMHByb3RhZ29uaXN0YSUyMGVuJTIwbWlsJTIwbm92ZWxhcyUyQyUyMCUyMCUyMCUyMCUyMCUyMCUyMCUyMCUyMCUyMCUyMCUyMCUyMCUyMCUyMCUyMCUyMCUyMCUyMCUyMCUyMCUyMCUyMCUyMCUyMCUyMCUyMCUyMCUyMCUyMCUyMCUyMCUyMCUyMCUyMCUyMCUyMCUyMCUyMCUyMCUyMCUyMCUyMCUyMCUyMCUyMCUyMCUyMCUyMCUyMCUyMCUyMCUyMCUyMCUyMCUyMCUyMCUyMCUyMCUyMCUyMCUyMCUyMCUyMCUyMCUyMCUyMCUyMCUyMCUyMCUyMCUyMCUyMCUyMCUyMCUyMCUyMCUyMCUyMCUyMCUyMCUyMCUyMCUyMCUyMCUyMCUyMCUyMCUyMCUyMCUyMCUyMCUyMCUyMCUyMCUyMCUyMCUyMCUyMCUyMCUyMCUyMCUyMCUyMHBlcm8lMjBzaSUyMGhhY2VzJTIwc2Nyb2xsJTIwbm8lMjBxdWVyciVDMyVBMXMlMEFwZXJkZXJub3MlMjBsYSUyMHBpc3RhLiUwQSUzQyUyRmRpdiUzRQ==[\/vc_raw_html][\/vc_column][\/vc_row][vc_row row_height_percent=\u00bb100&#8243; override_padding=\u00bbyes\u00bb h_padding=\u00bb2&#8243; top_padding=\u00bb2&#8243; bottom_padding=\u00bb7&#8243; back_color=\u00bbcolor-xsdn\u00bb overlay_alpha=\u00bb50&#8243; gutter_size=\u00bb3&#8243; column_width_percent=\u00bb100&#8243; shift_y=\u00bb0&#8243; z_index=\u00bb0&#8243; uncode_shortcode_id=\u00bb618558&#8243; back_color_type=\u00bbuncode-palette\u00bb el_class=\u00bbbr-brand-row\u00bb][vc_column column_width_percent=\u00bb100&#8243; position_vertical=\u00bbmiddle\u00bb align_horizontal=\u00bbalign_center\u00bb gutter_size=\u00bb3&#8243; style=\u00bblight\u00bb overlay_alpha=\u00bb50&#8243; shift_x=\u00bb0&#8243; shift_y=\u00bb0&#8243; shift_y_down=\u00bb0&#8243; z_index=\u00bb0&#8243; medium_width=\u00bb0&#8243; mobile_width=\u00bb0&#8243; width=\u00bb1\/1&#8243; uncode_shortcode_id=\u00bb146512&#8243;][vc_row_inner row_inner_height_percent=\u00bb0&#8243; overlay_alpha=\u00bb50&#8243; gutter_size=\u00bb3&#8243; shift_y=\u00bb0&#8243; z_index=\u00bb0&#8243; uncode_shortcode_id=\u00bb203048&#8243; el_class=\u00bbmalrov-side-tagline\u00bb][vc_column_inner column_width_percent=\u00bb100&#8243; gutter_size=\u00bb3&#8243; overlay_alpha=\u00bb50&#8243; shift_x=\u00bb0&#8243; shift_y=\u00bb0&#8243; shift_y_down=\u00bb0&#8243; z_index=\u00bb0&#8243; medium_width=\u00bb0&#8243; mobile_width=\u00bb0&#8243; width=\u00bb1\/1&#8243; uncode_shortcode_id=\u00bb187026&#8243;][vc_custom_heading heading_semantic=\u00bbh1&#8243; text_size=\u00bb\u00bb text_weight=\u00bb100&#8243; uncode_shortcode_id=\u00bb612653&#8243;]<\/p>\n<div class=\"brand-1\">\n<p>somos<\/p>\n<div class=\"font-132131\">\n<div id=\"malrov-rotating\" data-words=\"healthcare|creativos|reactivos|expeditivos|digitales|todoterreno|expertos|diligentes|diferentes|disfrutones|disruptivos|cercanos|malrov\"><\/div>\n<\/div>\n<\/div>\n<div class=\"font-132131 malrov-tagline brand-2\"><span class=\"malrov-tagline-p\">THE <\/span><span class=\"malrov-tagline-p malrov-tagline-featured\">HEALTH <\/span><span class=\"malrov-tagline-p\">AGENCY<\/span><\/div>\n<p>[\/vc_custom_heading][\/vc_column_inner][\/vc_row_inner][\/vc_column][\/vc_row]<\/p>\n<\/section>","protected":false},"excerpt":{"rendered":"<p>[vc_row row_height_percent=\u00bb100&#8243; override_padding=\u00bbyes\u00bb h_padding=\u00bb0&#8243; top_padding=\u00bb0&#8243; bottom_padding=\u00bb0&#8243; back_image=\u00bb17&#8243; overlay_alpha=\u00bb50&#8243; gutter_size=\u00bb3&#8243; column_width_percent=\u00bb100&#8243; shift_y=\u00bb0&#8243; z_index=\u00bb0&#8243; uncode_shortcode_id=\u00bb175360&#8243; el_class=\u00bbbr-hero-popup\u00bb][vc_column column_width_percent=\u00bb100&#8243; gutter_size=\u00bb3&#8243; override_padding=\u00bbyes\u00bb column_padding=\u00bb0&#8243; style=\u00bbdark\u00bb overlay_alpha=\u00bb50&#8243; [&hellip;]<\/p>\n","protected":false},"author":1,"featured_media":130839,"parent":0,"menu_order":0,"comment_status":"closed","ping_status":"closed","template":"","meta":{"footnotes":""},"class_list":["post-130761","page","type-page","status-publish","has-post-thumbnail","hentry"],"yoast_head":"<!-- This site is optimized with the Yoast SEO plugin v22.8 - https:\/\/yoast.com\/wordpress\/plugins\/seo\/ -->\n<title>Malrov \u2013 The health agency<\/title>\n<meta name=\"description\" content=\"Pues no, no somos una prestigiosa marca de whisky americano, envejecido 15 a\u00f1os en barrica de roble, pero tambi\u00e9n llevamos 20 a\u00f1os coreando \u00a1a tu salud!\" \/>\n<meta name=\"robots\" content=\"index, follow, max-snippet:-1, max-image-preview:large, max-video-preview:-1\" \/>\n<link rel=\"canonical\" href=\"https:\/\/malrov.com\/\" \/>\n<meta property=\"og:locale\" content=\"es_ES\" \/>\n<meta property=\"og:type\" content=\"article\" \/>\n<meta property=\"og:title\" content=\"Malrov \u2013 The health agency\" \/>\n<meta property=\"og:description\" content=\"Pues no, no somos una prestigiosa marca de whisky americano, envejecido 15 a\u00f1os en barrica de roble, pero tambi\u00e9n llevamos 20 a\u00f1os coreando \u00a1a tu salud!\" \/>\n<meta property=\"og:url\" content=\"https:\/\/malrov.com\/\" \/>\n<meta property=\"og:site_name\" content=\"Malrov\" \/>\n<meta property=\"article:modified_time\" content=\"2024-06-12T06:09:33+00:00\" \/>\n<meta property=\"og:image\" content=\"https:\/\/malrov.com\/wp-content\/uploads\/2023\/12\/malrov_favicon.jpg\" \/>\n\t<meta property=\"og:image:width\" content=\"1667\" \/>\n\t<meta property=\"og:image:height\" content=\"1667\" \/>\n\t<meta property=\"og:image:type\" content=\"image\/jpeg\" \/>\n<meta name=\"twitter:card\" content=\"summary_large_image\" \/>\n<meta name=\"twitter:title\" content=\"Malrov \u2013 The health agency\" \/>\n<meta name=\"twitter:description\" content=\"Pues no, no somos una prestigiosa marca de whisky americano, envejecido 15 a\u00f1os en barrica de roble, pero tambi\u00e9n llevamos 20 a\u00f1os coreando \u00a1a tu salud!\" \/>\n<meta name=\"twitter:image\" content=\"https:\/\/malrov.com\/wp-content\/uploads\/2023\/12\/malrov_favicon.jpg\" \/>\n<meta name=\"twitter:label1\" content=\"Tiempo de lectura\" \/>\n\t<meta name=\"twitter:data1\" content=\"1 minuto\" \/>\n<script type=\"application\/ld+json\" class=\"yoast-schema-graph\">{\"@context\":\"https:\/\/schema.org\",\"@graph\":[{\"@type\":\"WebPage\",\"@id\":\"https:\/\/malrov.com\/\",\"url\":\"https:\/\/malrov.com\/\",\"name\":\"Malrov \u2013 The health agency\",\"isPartOf\":{\"@id\":\"https:\/\/malrov.com\/#website\"},\"primaryImageOfPage\":{\"@id\":\"https:\/\/malrov.com\/#primaryimage\"},\"image\":{\"@id\":\"https:\/\/malrov.com\/#primaryimage\"},\"thumbnailUrl\":\"https:\/\/malrov.com\/wp-content\/uploads\/2023\/12\/malrov_favicon.jpg\",\"datePublished\":\"2023-11-15T10:53:52+00:00\",\"dateModified\":\"2024-06-12T06:09:33+00:00\",\"description\":\"Pues no, no somos una prestigiosa marca de whisky americano, envejecido 15 a\u00f1os en barrica de roble, pero tambi\u00e9n llevamos 20 a\u00f1os coreando \u00a1a tu salud!\",\"breadcrumb\":{\"@id\":\"https:\/\/malrov.com\/#breadcrumb\"},\"inLanguage\":\"es\",\"potentialAction\":[{\"@type\":\"ReadAction\",\"target\":[\"https:\/\/malrov.com\/\"]}]},{\"@type\":\"ImageObject\",\"inLanguage\":\"es\",\"@id\":\"https:\/\/malrov.com\/#primaryimage\",\"url\":\"https:\/\/malrov.com\/wp-content\/uploads\/2023\/12\/malrov_favicon.jpg\",\"contentUrl\":\"https:\/\/malrov.com\/wp-content\/uploads\/2023\/12\/malrov_favicon.jpg\",\"width\":1667,\"height\":1667},{\"@type\":\"BreadcrumbList\",\"@id\":\"https:\/\/malrov.com\/#breadcrumb\",\"itemListElement\":[{\"@type\":\"ListItem\",\"position\":1,\"name\":\"Portada\",\"item\":\"https:\/\/malrov.com\/\"},{\"@type\":\"ListItem\",\"position\":2,\"name\":\"Home\"}]},{\"@type\":\"WebSite\",\"@id\":\"https:\/\/malrov.com\/#website\",\"url\":\"https:\/\/malrov.com\/\",\"name\":\"Malrov\",\"description\":\"The health agency\",\"publisher\":{\"@id\":\"https:\/\/malrov.com\/#organization\"},\"alternateName\":\"Malrov \u2013 The health agency\",\"potentialAction\":[{\"@type\":\"SearchAction\",\"target\":{\"@type\":\"EntryPoint\",\"urlTemplate\":\"https:\/\/malrov.com\/?s={search_term_string}\"},\"query-input\":\"required name=search_term_string\"}],\"inLanguage\":\"es\"},{\"@type\":\"Organization\",\"@id\":\"https:\/\/malrov.com\/#organization\",\"name\":\"Malrov\",\"alternateName\":\"Malrov\",\"url\":\"https:\/\/malrov.com\/\",\"logo\":{\"@type\":\"ImageObject\",\"inLanguage\":\"es\",\"@id\":\"https:\/\/malrov.com\/#\/schema\/logo\/image\/\",\"url\":\"https:\/\/malrov.com\/wp-content\/uploads\/2023\/12\/malrov_favicon.jpg\",\"contentUrl\":\"https:\/\/malrov.com\/wp-content\/uploads\/2023\/12\/malrov_favicon.jpg\",\"width\":1667,\"height\":1667,\"caption\":\"Malrov\"},\"image\":{\"@id\":\"https:\/\/malrov.com\/#\/schema\/logo\/image\/\"}}]}<\/script>\n<!-- \/ Yoast SEO plugin. -->","yoast_head_json":{"title":"Malrov \u2013 The health agency","description":"Pues no, no somos una prestigiosa marca de whisky americano, envejecido 15 a\u00f1os en barrica de roble, pero tambi\u00e9n llevamos 20 a\u00f1os coreando \u00a1a tu salud!","robots":{"index":"index","follow":"follow","max-snippet":"max-snippet:-1","max-image-preview":"max-image-preview:large","max-video-preview":"max-video-preview:-1"},"canonical":"https:\/\/malrov.com\/","og_locale":"es_ES","og_type":"article","og_title":"Malrov \u2013 The health agency","og_description":"Pues no, no somos una prestigiosa marca de whisky americano, envejecido 15 a\u00f1os en barrica de roble, pero tambi\u00e9n llevamos 20 a\u00f1os coreando \u00a1a tu salud!","og_url":"https:\/\/malrov.com\/","og_site_name":"Malrov","article_modified_time":"2024-06-12T06:09:33+00:00","og_image":[{"width":1667,"height":1667,"url":"https:\/\/malrov.com\/wp-content\/uploads\/2023\/12\/malrov_favicon.jpg","type":"image\/jpeg"}],"twitter_card":"summary_large_image","twitter_title":"Malrov \u2013 The health agency","twitter_description":"Pues no, no somos una prestigiosa marca de whisky americano, envejecido 15 a\u00f1os en barrica de roble, pero tambi\u00e9n llevamos 20 a\u00f1os coreando \u00a1a tu salud!","twitter_image":"https:\/\/malrov.com\/wp-content\/uploads\/2023\/12\/malrov_favicon.jpg","twitter_misc":{"Tiempo de lectura":"1 minuto"},"schema":{"@context":"https:\/\/schema.org","@graph":[{"@type":"WebPage","@id":"https:\/\/malrov.com\/","url":"https:\/\/malrov.com\/","name":"Malrov \u2013 The health agency","isPartOf":{"@id":"https:\/\/malrov.com\/#website"},"primaryImageOfPage":{"@id":"https:\/\/malrov.com\/#primaryimage"},"image":{"@id":"https:\/\/malrov.com\/#primaryimage"},"thumbnailUrl":"https:\/\/malrov.com\/wp-content\/uploads\/2023\/12\/malrov_favicon.jpg","datePublished":"2023-11-15T10:53:52+00:00","dateModified":"2024-06-12T06:09:33+00:00","description":"Pues no, no somos una prestigiosa marca de whisky americano, envejecido 15 a\u00f1os en barrica de roble, pero tambi\u00e9n llevamos 20 a\u00f1os coreando \u00a1a tu salud!","breadcrumb":{"@id":"https:\/\/malrov.com\/#breadcrumb"},"inLanguage":"es","potentialAction":[{"@type":"ReadAction","target":["https:\/\/malrov.com\/"]}]},{"@type":"ImageObject","inLanguage":"es","@id":"https:\/\/malrov.com\/#primaryimage","url":"https:\/\/malrov.com\/wp-content\/uploads\/2023\/12\/malrov_favicon.jpg","contentUrl":"https:\/\/malrov.com\/wp-content\/uploads\/2023\/12\/malrov_favicon.jpg","width":1667,"height":1667},{"@type":"BreadcrumbList","@id":"https:\/\/malrov.com\/#breadcrumb","itemListElement":[{"@type":"ListItem","position":1,"name":"Portada","item":"https:\/\/malrov.com\/"},{"@type":"ListItem","position":2,"name":"Home"}]},{"@type":"WebSite","@id":"https:\/\/malrov.com\/#website","url":"https:\/\/malrov.com\/","name":"Malrov","description":"The health agency","publisher":{"@id":"https:\/\/malrov.com\/#organization"},"alternateName":"Malrov \u2013 The health agency","potentialAction":[{"@type":"SearchAction","target":{"@type":"EntryPoint","urlTemplate":"https:\/\/malrov.com\/?s={search_term_string}"},"query-input":"required name=search_term_string"}],"inLanguage":"es"},{"@type":"Organization","@id":"https:\/\/malrov.com\/#organization","name":"Malrov","alternateName":"Malrov","url":"https:\/\/malrov.com\/","logo":{"@type":"ImageObject","inLanguage":"es","@id":"https:\/\/malrov.com\/#\/schema\/logo\/image\/","url":"https:\/\/malrov.com\/wp-content\/uploads\/2023\/12\/malrov_favicon.jpg","contentUrl":"https:\/\/malrov.com\/wp-content\/uploads\/2023\/12\/malrov_favicon.jpg","width":1667,"height":1667,"caption":"Malrov"},"image":{"@id":"https:\/\/malrov.com\/#\/schema\/logo\/image\/"}}]}},"_links":{"self":[{"href":"https:\/\/malrov.com\/index.php?rest_route=\/wp\/v2\/pages\/130761","targetHints":{"allow":["GET"]}}],"collection":[{"href":"https:\/\/malrov.com\/index.php?rest_route=\/wp\/v2\/pages"}],"about":[{"href":"https:\/\/malrov.com\/index.php?rest_route=\/wp\/v2\/types\/page"}],"author":[{"embeddable":true,"href":"https:\/\/malrov.com\/index.php?rest_route=\/wp\/v2\/users\/1"}],"replies":[{"embeddable":true,"href":"https:\/\/malrov.com\/index.php?rest_route=%2Fwp%2Fv2%2Fcomments&post=130761"}],"version-history":[{"count":7,"href":"https:\/\/malrov.com\/index.php?rest_route=\/wp\/v2\/pages\/130761\/revisions"}],"predecessor-version":[{"id":130848,"href":"https:\/\/malrov.com\/index.php?rest_route=\/wp\/v2\/pages\/130761\/revisions\/130848"}],"wp:featuredmedia":[{"embeddable":true,"href":"https:\/\/malrov.com\/index.php?rest_route=\/wp\/v2\/media\/130839"}],"wp:attachment":[{"href":"https:\/\/malrov.com\/index.php?rest_route=%2Fwp%2Fv2%2Fmedia&parent=130761"}],"curies":[{"name":"wp","href":"https:\/\/api.w.org\/{rel}","templated":true}]}}